{"id":28,"date":"2016-04-23T22:45:05","date_gmt":"2016-04-23T20:45:05","guid":{"rendered":"http:\/\/wt.tennis\/?page_id=28"},"modified":"2022-08-15T10:00:42","modified_gmt":"2022-08-15T08:00:42","slug":"about-us","status":"publish","type":"page","link":"https:\/\/wt.tennis\/index.php\/about-us\/","title":{"rendered":"About Us"},"content":{"rendered":"[vc_row fullwidth=&#8220;true&#8220; fullwidth_content=&#8220;false&#8220; equal_columns=&#8220;true&#8220; attached=&#8220;true&#8220; css=&#8220;.vc_custom_1493040972632{background-color: #efefef !important;}&#8220;][vc_column]<div id=\"mtphr-dnt-617\" class=\"mtphr-dnt mtphr-dnt-617 mtphr-dnt-default mtphr-dnt-scroll mtphr-dnt-scroll-left\"><div class=\"mtphr-dnt-wrapper mtphr-dnt-clearfix\"><div class=\"mtphr-dnt-tick-container\"><div class=\"mtphr-dnt-tick-contents\"><div class=\"mtphr-dnt-tick mtphr-dnt-default-tick mtphr-dnt-clearfix \"><h4><\/h4><\/div><\/div><\/div><\/div><\/div>[mk_employees order=&#8220;ASC&#8220; employees=&#8220;91, 85, 88, 4047&#8243;][\/vc_column][\/vc_row][vc_row fullwidth=&#8220;true&#8220; fullwidth_content=&#8220;false&#8220; css=&#8220;.vc_custom_1493041081630{background-color: #f7f7f7 !important;background-position: center !important;background-repeat: no-repeat !important;background-size: cover !important;}&#8220;][vc_column width=&#8220;1\/3&#8243;][mk_image src=&#8220;http:\/\/wt.tennis\/wp-content\/uploads\/2016\/04\/aboutus-konzept-300&#215;410.png&#8220; image_size=&#8220;full&#8220; align=&#8220;center&#8220;][\/vc_column][vc_column width=&#8220;2\/3&#8243;][mk_fancy_title size=&#8220;30&#8243; margin_top=&#8220;20&#8243; font_family=&#8220;none&#8220; align=&#8220;center&#8220;]Konzept[\/mk_fancy_title][vc_column_text]Unser Name symbolisiert das f\u00fcr den Tennissport typische, spiralige, stetige und damit lebenslange Entwickeln der F\u00e4higkeiten.<\/p>\n<p>Der Name steht aber auch daf\u00fcr, dass Tennis nicht nur eine Sportart ist, sondern, dass sich beim Tennis viele F\u00e4higkeiten um den Mittelpunkt Tennis herum entwickeln m\u00fcssen.\u00a0Zu diesen das Tennis st\u00fctzende F\u00e4higkeiten geh\u00f6ren: das Gef\u00fchl f\u00fcr Gleichgewicht, Koordination und Rhythmus, Konzentration, Atmung, um nur wenige Beispiele zu nennen.\u00a0Im Gesamtaufbau unseres Trainings bis hin zu jeder einzelnen Lektion wird dieser Ganzheitlichkeit des Tennissportes Rechnung getragen.<\/p>\n[\/vc_column_text][\/vc_column][\/vc_row][vc_row fullwidth=&#8220;true&#8220; fullwidth_content=&#8220;false&#8220; css=&#8220;.vc_custom_1493041093179{background-color: #efefef !important;}&#8220;][vc_column width=&#8220;2\/3&#8243;][mk_fancy_title size=&#8220;30&#8243; margin_top=&#8220;20&#8243; font_family=&#8220;none&#8220; align=&#8220;center&#8220;]Methode[\/mk_fancy_title][vc_column_text margin_bottom=&#8220;20&#8243;]Wir haben das gesamte Spektrum des m\u00f6glichen Tennistrainings in Module aufgeteilt. Aus diesen Modulen werden im Sinne der Masskonfektion f\u00fcr bestimmte Zielgruppen, wie z.B. f\u00fcr Turnierspieler, f\u00fcr Gelegenheitsspieler ohne Turnierambitionen, f\u00fcr Kinder oder Jugendliche, usw. spezielle Trainingsprogramme zusammengestellt.\u00a0Selbstverst\u00e4ndlich k\u00f6nnen die Module auch f\u00fcr individuelle Bed\u00fcrfnisse massgeschneidert f\u00fcr ein Einzeltraining zusammengestellt werden.<\/p>\n<p>Jede Lektion hat folgenden Aufbau:<\/p>\n<ul>\n<li>Aufw\u00e4rmphase<\/li>\n<li>Modul 1<\/li>\n<li>Module 2<\/li>\n<li>Spielsituationen<\/li>\n<\/ul>\n<p>In jeder einzelnen Lektion ist die Ganzheitlichkeit des Konzeptes realisiert.[\/vc_column_text][\/vc_column][vc_column width=&#8220;1\/3&#8243;][mk_image src=&#8220;http:\/\/wt.tennis\/wp-content\/uploads\/2016\/04\/aboutus-methode-transparent-300&#215;410.png&#8220; image_width=&#8220;300&#8243; image_height=&#8220;410&#8243;][\/vc_column][\/vc_row][vc_row fullwidth=&#8220;true&#8220; fullwidth_content=&#8220;false&#8220; css=&#8220;.vc_custom_1493041102833{background-color: #f7f7f7 !important;}&#8220;][vc_column width=&#8220;1\/3&#8243;][mk_image src=&#8220;http:\/\/wt.tennis\/wp-content\/uploads\/2016\/04\/aboutus-philosophie-300&#215;410.jpg&#8220; image_width=&#8220;300&#8243; image_height=&#8220;410&#8243;][\/vc_column][vc_column width=&#8220;2\/3&#8243;][mk_fancy_title size=&#8220;30&#8243; margin_top=&#8220;20&#8243; font_family=&#8220;none&#8220; align=&#8220;center&#8220;]Philosophie[\/mk_fancy_title][vc_column_text]Wir achten auf eine ganzheitliche Entwicklung, bei der uns zwei Aspekte von wesentlichster Bedeutung sind: Freude am Spiel und die Qualit\u00e4t (und nicht die Quantit\u00e4t) des Trainings.<br \/>\nWir f\u00fchren f\u00fcr jeden Trainingsteilnehmer eine systematische Fortschrittskontrolle. Dies erm\u00f6glicht uns, jederzeit die Erfolge darzustellen und das Trainingsprogramm gezielt den individuellen Fortschritten anzupassen.[\/vc_column_text][\/vc_column][\/vc_row][vc_row][vc_column][\/vc_column][\/vc_row][vc_row][vc_column]<div id=\"mtphr-dnt-617\" class=\"mtphr-dnt mtphr-dnt-617 mtphr-dnt-default mtphr-dnt-scroll mtphr-dnt-scroll-left\"><div class=\"mtphr-dnt-wrapper mtphr-dnt-clearfix\"><div class=\"mtphr-dnt-tick-container\"><div class=\"mtphr-dnt-tick-contents\"><div class=\"mtphr-dnt-tick mtphr-dnt-default-tick mtphr-dnt-clearfix \"><h4><\/h4><\/div><\/div><\/div><\/div><\/div>[\/vc_column][\/vc_row]\n","protected":false},"excerpt":{"rendered":"<p>[vc_row fullwidth=&#8220;true&#8220; fullwidth_content=&#8220;false&#8220; equal_columns=&#8220;true&#8220; attached=&#8220;true&#8220; css=&#8220;.vc_custom_1493040972632{background-color: #efefef !important;}&#8220;][vc_column][mk_employees order=&#8220;ASC&#8220; employees=&#8220;91, 85, 88, 4047&#8243;][\/vc_column][\/vc_row][vc_row fullwidth=&#8220;true&#8220; fullwidth_content=&#8220;false&#8220; css=&#8220;.vc_custom_1493041081630{background-color: #f7f7f7 !important;background-position: center !important;background-repeat: no-repeat !important;background-size: cover !important;}&#8220;][vc_column width=&#8220;1\/3&#8243;][mk_image src=&#8220;http:\/\/wt.tennis\/wp-content\/uploads\/2016\/04\/aboutus-konzept-300&#215;410.png&#8220; image_size=&#8220;full&#8220; align=&#8220;center&#8220;][\/vc_column][vc_column width=&#8220;2\/3&#8243;][mk_fancy_title size=&#8220;30&#8243; margin_top=&#8220;20&#8243; font_family=&#8220;none&#8220; align=&#8220;center&#8220;]Konzept[\/mk_fancy_title][vc_column_text]Unser Name symbolisiert das f\u00fcr den Tennissport typische, spiralige, stetige und damit lebenslange Entwickeln der F\u00e4higkeiten. Der Name steht aber auch daf\u00fcr, dass [&hellip;]<\/p>\n","protected":false},"author":1,"featured_media":0,"parent":0,"menu_order":0,"comment_status":"closed","ping_status":"closed","template":"","meta":{"_bbp_topic_count":0,"_bbp_reply_count":0,"_bbp_total_topic_count":0,"_bbp_total_reply_count":0,"_bbp_voice_count":0,"_bbp_anonymous_reply_count":0,"_bbp_topic_count_hidden":0,"_bbp_reply_count_hidden":0,"_bbp_forum_subforum_count":0,"_monsterinsights_skip_tracking":false,"_monsterinsights_sitenote_active":false,"_monsterinsights_sitenote_note":"","_monsterinsights_sitenote_category":0,"footnotes":""},"class_list":["post-28","page","type-page","status-publish","hentry"],"aioseo_notices":[],"jetpack_sharing_enabled":true,"_links":{"self":[{"href":"https:\/\/wt.tennis\/index.php\/wp-json\/wp\/v2\/pages\/28","targetHints":{"allow":["GET"]}}],"collection":[{"href":"https:\/\/wt.tennis\/index.php\/wp-json\/wp\/v2\/pages"}],"about":[{"href":"https:\/\/wt.tennis\/index.php\/wp-json\/wp\/v2\/types\/page"}],"author":[{"embeddable":true,"href":"https:\/\/wt.tennis\/index.php\/wp-json\/wp\/v2\/users\/1"}],"replies":[{"embeddable":true,"href":"https:\/\/wt.tennis\/index.php\/wp-json\/wp\/v2\/comments?post=28"}],"version-history":[{"count":66,"href":"https:\/\/wt.tennis\/index.php\/wp-json\/wp\/v2\/pages\/28\/revisions"}],"predecessor-version":[{"id":722,"href":"https:\/\/wt.tennis\/index.php\/wp-json\/wp\/v2\/pages\/28\/revisions\/722"}],"wp:attachment":[{"href":"https:\/\/wt.tennis\/index.php\/wp-json\/wp\/v2\/media?parent=28"}],"curies":[{"name":"wp","href":"https:\/\/api.w.org\/{rel}","templated":true}]}}