{"id":542,"date":"2017-02-12T22:12:59","date_gmt":"2017-02-12T21:12:59","guid":{"rendered":"http:\/\/wt.tennis\/?page_id=542"},"modified":"2026-02-17T10:22:29","modified_gmt":"2026-02-17T09:22:29","slug":"trainingoffer","status":"publish","type":"page","link":"https:\/\/wt.tennis\/index.php\/trainingoffer\/","title":{"rendered":"Training"},"content":{"rendered":"[vc_row][vc_column]<div id=\"mtphr-dnt-617\" class=\"mtphr-dnt mtphr-dnt-617 mtphr-dnt-default mtphr-dnt-scroll mtphr-dnt-scroll-left\"><div class=\"mtphr-dnt-wrapper mtphr-dnt-clearfix\"><div class=\"mtphr-dnt-tick-container\"><div class=\"mtphr-dnt-tick-contents\"><div class=\"mtphr-dnt-tick mtphr-dnt-default-tick mtphr-dnt-clearfix \"><h4><\/h4><\/div><\/div><\/div><\/div><\/div>[vc_tabs container_bg_color=&#8220;#ffffff&#8220;][vc_tab title=&#8220;Sommer&#8220; tab_id=&#8220;1486933706-1-45&#8243;][mk_fancy_title size=&#8220;30&#8243; margin_top=&#8220;20&#8243; font_family=&#8220;none&#8220;]<img loading=\"lazy\" decoding=\"async\" class=\"alignnone size-full wp-image-744\" src=\"http:\/\/wt.tennis\/wp-content\/uploads\/2017\/02\/tennisball-sommerpreise-80x80.png\" alt=\"\" width=\"81\" height=\"80\" srcset=\"https:\/\/wt.tennis\/wp-content\/uploads\/2017\/02\/tennisball-sommerpreise-80x80.png 81w, https:\/\/wt.tennis\/wp-content\/uploads\/2017\/02\/tennisball-sommerpreise-80x80-60x60.png 60w, https:\/\/wt.tennis\/wp-content\/uploads\/2017\/02\/tennisball-sommerpreise-80x80-1500x1500.png 1500w\" sizes=\"auto, (max-width: 81px) 100vw, 81px\" \/>\u00a0\u00a0Sommertraining[\/mk_fancy_title][vc_column_text]<strong>Kursdauer<br \/>\n<\/strong>Beginn jeweils nach den Fr\u00fchlingsferien bis Anfang der Herbstferien (ausgenommen Sommer Schulferien BS\/BL).[\/vc_column_text][mk_fancy_title size=&#8220;30&#8243; margin_top=&#8220;20&#8243; font_family=&#8220;none&#8220;]Preise[\/mk_fancy_title][mk_table]\n<table width=\"100%\">\n<thead>\n<tr>\n<th style=\"text-align: left;\">Training<\/th>\n<th><\/th>\n<th>Preis (CHF)<\/th>\n<th><\/th>\n<\/tr>\n<\/thead>\n<tbody>\n<tr>\n<td style=\"text-align: left;\"><strong>Privatunterricht<\/strong><\/td>\n<td style=\"text-align: left;\">Einzellektion \u00e0 40 min<\/td>\n<td>74.&#8211;<\/td>\n<td>p.p.<\/td>\n<\/tr>\n<tr>\n<td><\/td>\n<td style=\"text-align: left;\">Einzellektion \u00a0\u00e0 55 min<\/td>\n<td>96.&#8211;<\/td>\n<td>p.p.<\/td>\n<\/tr>\n<tr>\n<td><\/td>\n<td style=\"text-align: left;\">2 Teilnehmer \u00e0 55 min<\/td>\n<td>\u00a049.&#8211;<\/td>\n<td>p.p<\/td>\n<\/tr>\n<tr>\n<td style=\"text-align: left;\"><strong>Gruppen-Unterricht<\/strong><\/td>\n<td><\/td>\n<td><\/td>\n<td><\/td>\n<\/tr>\n<tr>\n<td style=\"text-align: left;\"><\/td>\n<td style=\"text-align: left;\"><\/td>\n<td><\/td>\n<td><\/td>\n<\/tr>\n<tr>\n<td style=\"text-align: left;\">\u00a0<em>Junioren<\/em><\/td>\n<td style=\"text-align: left;\">\u00a0Lektion \u00e0 60 min<\/td>\n<td>\u00a0530.&#8211;<\/td>\n<td>\u00a0p.p.<\/td>\n<\/tr>\n<\/tbody>\n<\/table>\n[\/mk_table][vc_column_text css=&#8220;.vc_custom_1747460828483{margin-bottom: 0px !important;}&#8220;]Die Preise verstehen sich alle inkl. Platzmiete<\/p>\n[\/vc_column_text][\/vc_tab][vc_tab title=&#8220;Winter&#8220; tab_id=&#8220;1486933706-2-65&#8243;][mk_fancy_title size=&#8220;30&#8243; margin_top=&#8220;20&#8243; font_family=&#8220;none&#8220;]<img loading=\"lazy\" decoding=\"async\" class=\"alignnone size-full wp-image-746\" src=\"http:\/\/wt.tennis\/wp-content\/uploads\/2017\/02\/tennisball-winterpreise-80x80.png\" alt=\"\" width=\"80\" height=\"80\" srcset=\"https:\/\/wt.tennis\/wp-content\/uploads\/2017\/02\/tennisball-winterpreise-80x80.png 80w, https:\/\/wt.tennis\/wp-content\/uploads\/2017\/02\/tennisball-winterpreise-80x80-60x60.png 60w, https:\/\/wt.tennis\/wp-content\/uploads\/2017\/02\/tennisball-winterpreise-80x80-1500x1500.png 1500w\" sizes=\"auto, (max-width: 80px) 100vw, 80px\" \/>\u00a0 Wintertraining[\/mk_fancy_title][vc_column_text]<strong>Kursdauer<br \/>\n<\/strong>Beginn jeweils nach den Herbstferien bis Anfang der Fr\u00fchlingsferien (ausgenommen Weihnachtsferien und Fasnachtsferien BS\/BL).[\/vc_column_text][mk_fancy_title size=&#8220;30&#8243; margin_top=&#8220;20&#8243; font_family=&#8220;none&#8220;]Preise[\/mk_fancy_title][mk_table]\n<table width=\"100%\">\n<thead>\n<tr>\n<th style=\"text-align: left;\">Training<\/th>\n<th><\/th>\n<th>Preis (CHF)<\/th>\n<th><\/th>\n<\/tr>\n<\/thead>\n<tbody>\n<tr>\n<td style=\"text-align: left;\"><strong>Privatunterricht<\/strong><\/td>\n<td style=\"text-align: left;\">Einzellektion \u00e0 40 min<\/td>\n<td>105.&#8211;<\/td>\n<td>p.p.<\/td>\n<\/tr>\n<tr>\n<td><\/td>\n<td style=\"text-align: left;\">Einzellektion \u00a0\u00e0 55 min<\/td>\n<td>127.&#8211;<\/td>\n<td>p.p.<\/td>\n<\/tr>\n<tr>\n<td><\/td>\n<td style=\"text-align: left;\">2 Teilnehmer \u00e0 55 min<\/td>\n<td>\u00a065.&#8211;<\/td>\n<td>p.p<\/td>\n<\/tr>\n<tr>\n<td style=\"text-align: left;\"><strong>Gruppen-Unterricht<\/strong><\/td>\n<td><\/td>\n<td><\/td>\n<td><\/td>\n<\/tr>\n<tr>\n<td style=\"text-align: left;\"><\/td>\n<td style=\"text-align: left;\"><\/td>\n<td><\/td>\n<td><\/td>\n<\/tr>\n<tr>\n<td style=\"text-align: left;\">\u00a0<em>Junioren<\/em><\/td>\n<td style=\"text-align: left;\">\u00a0Lektion \u00e0 60 min<\/td>\n<td>\u00a0720.&#8211;<\/td>\n<td>\u00a0p.p.<\/td>\n<\/tr>\n<\/tbody>\n<\/table>\n[\/mk_table][\/vc_tab][vc_tab title=&#8220;Ferienkurse&#8220; tab_id=&#8220;1486937108445-2-3&#8243;][mk_fancy_title size=&#8220;30&#8243; margin_top=&#8220;20&#8243; font_family=&#8220;none&#8220;]<img loading=\"lazy\" decoding=\"async\" class=\"alignnone size-full wp-image-744\" src=\"http:\/\/wt.tennis\/wp-content\/uploads\/2017\/02\/tennisball-sommerpreise-80x80.png\" alt=\"\" width=\"81\" height=\"80\" srcset=\"https:\/\/wt.tennis\/wp-content\/uploads\/2017\/02\/tennisball-sommerpreise-80x80.png 81w, https:\/\/wt.tennis\/wp-content\/uploads\/2017\/02\/tennisball-sommerpreise-80x80-60x60.png 60w, https:\/\/wt.tennis\/wp-content\/uploads\/2017\/02\/tennisball-sommerpreise-80x80-1500x1500.png 1500w\" sizes=\"auto, (max-width: 81px) 100vw, 81px\" \/>\u00a0 Sommerferienkurse[\/mk_fancy_title][vc_column_text]<strong>Sommerferienkurse<\/strong> f\u00fcr<\/p>\n<ul>\n<li>Kinder<\/li>\n<li>Jugendliche<\/li>\n<li>Erwachsene<\/li>\n<\/ul>\n[\/vc_column_text][mk_fancy_title size=&#8220;30&#8243; margin_top=&#8220;20&#8243; font_family=&#8220;none&#8220;]Preise[\/mk_fancy_title][mk_table]\n<table width=\"100%\">\n<thead>\n<tr>\n<th style=\"text-align: left;\">Kurs<\/th>\n<th style=\"text-align: left;\">Ferienwoche<\/th>\n<th style=\"text-align: left;\">Tage<\/th>\n<th>Von<\/th>\n<th>Bis<\/th>\n<th>Preis (CHF)<\/th>\n<th><\/th>\n<\/tr>\n<\/thead>\n<tbody>\n<tr>\n<td>A<\/td>\n<td>\n<p style=\"text-align: left;\">1. Sommerferienwoche<\/p>\n<\/td>\n<td style=\"text-align: left;\">Montag &#8211; Freitag<\/td>\n<td>08:45<\/td>\n<td>10:45<\/td>\n<td>250.&#8211;<\/td>\n<td>p.k.<\/td>\n<\/tr>\n<tr>\n<td>Aa<\/td>\n<td style=\"text-align: center;\">\u00a0Wettkampfspieler<\/td>\n<td style=\"text-align: left;\">Montag &#8211; Freitag<\/td>\n<td>08:45<\/td>\n<td>10:45<\/td>\n<td>290.&#8211;<\/td>\n<td>p.k.<\/td>\n<\/tr>\n<tr>\n<td>B<\/td>\n<td>\n<p style=\"text-align: left;\">6. Sommerferienwoche<\/p>\n<\/td>\n<td style=\"text-align: left;\">Montag &#8211; Freitag<\/td>\n<td>09:00<\/td>\n<td>11:00<\/td>\n<td>250.&#8211;<\/td>\n<td>p.k.<\/td>\n<\/tr>\n<tr>\n<td>Bb<\/td>\n<td style=\"text-align: center;\">\u00a0Wettkampfspieler<\/td>\n<td style=\"text-align: left;\">Montag &#8211; Freitag<\/td>\n<td>09:00<\/td>\n<td>11:00<\/td>\n<td>290.&#8211;<\/td>\n<td>p.k.<\/td>\n<\/tr>\n<\/tbody>\n<\/table>\n[\/mk_table][\/vc_tab][\/vc_tabs][vc_column_text css=&#8220;.vc_custom_1747491039338{margin-bottom: 0px !important;}&#8220;]Im Rahmen von Gruppenkursen besteht seitens der Kursteilnehmenden grunds\u00e4tzlich keinen Anspruch auf Nachholung der Trainingseinheit oder anteilsm\u00e4ssige R\u00fcckerstattung der Kurskosten von vers\u00e4umten oder ausgelassenen Trainingseinheiten. Bei Unfall oder Krankheit, welche eine Trainingsabsenz mit sich bringt, sieht es wie folgt aus:<\/p>\n<p>1-3 Wochen Ausfall \u00a0 keine R\u00fcckverg\u00fctung<\/p>\n<p>ab der 4. Woche \u00a0 \u00a0 \u00a0 \u00a0 100% Gutschrift*<\/p>\n<p>*(Vorlage Arztzeugnis und R\u00fccksprache mit Ren\u00e9 oder Sylvane. Die Gutschrift kann im Folgekurs angerechnet werden).[\/vc_column_text][\/vc_column][\/vc_row][vc_row][vc_column][mk_fancy_title size=&#8220;20&#8243; font_weight=&#8220;bold&#8220; margin_top=&#8220;20&#8243; font_family=&#8220;none&#8220;]Anmelden[\/mk_fancy_title][vc_empty_space height=&#8220;20px&#8220;]<div class=\"frm_forms  with_frm_style frm_style_formidable-style\" id=\"frm_form_10_container\" >\n<form enctype=\"multipart\/form-data\" method=\"post\" class=\"frm-show-form  frm_pro_form \" id=\"form_md5ng\" >\n<div class=\"frm_form_fields \">\n<fieldset>\n<legend class=\"frm_hidden\">Training Anmeldung<\/legend>\r\n\r\n<div class=\"frm_fields_container\">\n<input type=\"hidden\" name=\"frm_action\" value=\"create\" \/>\n<input type=\"hidden\" name=\"form_id\" value=\"10\" \/>\n<input type=\"hidden\" name=\"frm_hide_fields_10\" id=\"frm_hide_fields_10\" value=\"\" \/>\n<input type=\"hidden\" name=\"form_key\" value=\"md5ng\" \/>\n<input type=\"hidden\" name=\"item_meta[0]\" value=\"\" \/>\n<input type=\"hidden\" id=\"frm_submit_entry_10\" name=\"frm_submit_entry_10\" value=\"a9987e969f\" \/><input type=\"hidden\" name=\"_wp_http_referer\" value=\"\/index.php\/wp-json\/wp\/v2\/pages\/542\" \/><div id=\"frm_field_137_container\" class=\"frm_form_field form-field  frm_required_field frm_top_container horizontal_radio\">\n    <label  class=\"frm_primary_label\">Bitte w\u00e4hlen Sie Ihren Kurs\n        <span class=\"frm_required\">(Pflichtfeld)<\/span>\n    <\/label>\n    <div class=\"frm_opt_container\">\t\t<div class=\"frm_checkbox\" id=\"frm_checkbox_137-0\">\t\t\t<label  for=\"field_crs20-0\">\n\t\t\t<input type=\"checkbox\" name=\"item_meta[137][]\" id=\"field_crs20-0\" value=\"Sommerkurs\"  data-reqmsg=\"Dieses Feld darf nicht leer sein.\" data-invmsg=\"Bitte w\u00e4hlen Sie Ihren Kurs ist ung\u00fcltig\"   aria-required=\"true\"  \/> Sommerkurs<\/label><\/div>\n\t\t<div class=\"frm_checkbox\" id=\"frm_checkbox_137-1\">\t\t\t<label  for=\"field_crs20-1\">\n\t\t\t<input type=\"checkbox\" name=\"item_meta[137][]\" id=\"field_crs20-1\" value=\"Winterkurs\"  data-reqmsg=\"Dieses Feld darf nicht leer sein.\" data-invmsg=\"Bitte w\u00e4hlen Sie Ihren Kurs ist ung\u00fcltig\"   \/> Winterkurs<\/label><\/div>\n\t\t<div class=\"frm_checkbox\" id=\"frm_checkbox_137-2\">\t\t\t<label  for=\"field_crs20-2\">\n\t\t\t<input type=\"checkbox\" name=\"item_meta[137][]\" id=\"field_crs20-2\" value=\"Ferienkurs 1. Sofe\"  data-reqmsg=\"Dieses Feld darf nicht leer sein.\" data-invmsg=\"Bitte w\u00e4hlen Sie Ihren Kurs ist ung\u00fcltig\"   \/> Ferienkurs 1. Sofe<\/label><\/div>\n\t\t<div class=\"frm_checkbox\" id=\"frm_checkbox_137-3\">\t\t\t<label  for=\"field_crs20-3\">\n\t\t\t<input type=\"checkbox\" name=\"item_meta[137][]\" id=\"field_crs20-3\" value=\"Ferienkurs 6. Sofe\"  data-reqmsg=\"Dieses Feld darf nicht leer sein.\" data-invmsg=\"Bitte w\u00e4hlen Sie Ihren Kurs ist ung\u00fcltig\"   \/> Ferienkurs 6. Sofe<\/label><\/div>\n<\/div>\n    \n    \n<\/div>\n<div id=\"frm_field_107_container\" class=\"frm_form_field form-field  frm_top_container\">\r\n    <label for=\"field_px5ns\" class=\"frm_primary_label\">Vorname\r\n        <span class=\"frm_required\"><\/span>\r\n    <\/label>\r\n    <input type=\"text\" id=\"field_px5ns\" name=\"item_meta[107]\" value=\"\"  data-invmsg=\"Vorname ist ung\u00fcltig\" aria-invalid=\"false\"  \/>\r\n    \r\n    \r\n<\/div>\n<div id=\"frm_field_108_container\" class=\"frm_form_field form-field  frm_required_field frm_top_container\">\r\n    <label for=\"field_evmuj\" class=\"frm_primary_label\">Nachname\r\n        <span class=\"frm_required\">(Pflichtfeld)<\/span>\r\n    <\/label>\r\n    <input type=\"text\" id=\"field_evmuj\" name=\"item_meta[108]\" value=\"\"  data-reqmsg=\"Dieses Feld darf nicht leer sein.\" aria-required=\"true\" data-invmsg=\"Nachname ist ung\u00fcltig\" aria-invalid=\"false\"  \/>\r\n    \r\n    \r\n<\/div>\n<div id=\"frm_field_109_container\" class=\"frm_form_field form-field  frm_top_container\">\r\n    <label for=\"field_hx8p4\" class=\"frm_primary_label\">Adresse\r\n        <span class=\"frm_required\"><\/span>\r\n    <\/label>\r\n    <input type=\"text\" id=\"field_hx8p4\" name=\"item_meta[109]\" value=\"\"  data-invmsg=\"Adresse ist ung\u00fcltig\" aria-invalid=\"false\"  \/>\r\n    \r\n    \r\n<\/div>\n<div id=\"frm_field_110_container\" class=\"frm_form_field form-field  frm_top_container\">\r\n    <label for=\"field_8o0i0\" class=\"frm_primary_label\">Postleitzahl\r\n        <span class=\"frm_required\"><\/span>\r\n    <\/label>\r\n    <input type=\"text\" id=\"field_8o0i0\" name=\"item_meta[110]\" value=\"\"  data-invmsg=\"Postleitzahl ist ung\u00fcltig\" aria-invalid=\"false\"  \/>\r\n    \r\n    \r\n<\/div>\n<div id=\"frm_field_111_container\" class=\"frm_form_field form-field  frm_top_container\">\r\n    <label for=\"field_94hnb\" class=\"frm_primary_label\">Ort\r\n        <span class=\"frm_required\"><\/span>\r\n    <\/label>\r\n    <input type=\"text\" id=\"field_94hnb\" name=\"item_meta[111]\" value=\"\"  data-invmsg=\"Ort ist ung\u00fcltig\" aria-invalid=\"false\"  \/>\r\n    \r\n    \r\n<\/div>\n<div id=\"frm_field_112_container\" class=\"frm_form_field form-field  frm_required_field frm_top_container\">\r\n    <label for=\"field_qjfpf\" class=\"frm_primary_label\">Email\r\n        <span class=\"frm_required\">(Pflichtfeld)<\/span>\r\n    <\/label>\r\n    <input type=\"text\" id=\"field_qjfpf\" name=\"item_meta[112]\" value=\"\"  data-reqmsg=\"Dieses Feld darf nicht leer sein.\" aria-required=\"true\" data-invmsg=\"Email ist ung\u00fcltig\" aria-invalid=\"false\"  \/>\r\n    \r\n    \r\n<\/div>\n<div id=\"frm_field_113_container\" class=\"frm_form_field form-field  frm_top_container\">\r\n    <label for=\"field_7r33\" class=\"frm_primary_label\">Telefonnummer\r\n        <span class=\"frm_required\"><\/span>\r\n    <\/label>\r\n    <input type=\"text\" id=\"field_7r33\" name=\"item_meta[113]\" value=\"\"  data-invmsg=\"Telefonnummer ist ung\u00fcltig\" aria-invalid=\"false\"  \/>\r\n    \r\n    \r\n<\/div>\n<div id=\"frm_field_114_container\" class=\"frm_form_field form-field  frm_required_field frm_top_container\">\r\n    <label for=\"field_fsfvp\" class=\"frm_primary_label\">Spielst\u00e4rke\r\n        <span class=\"frm_required\">(Pflichtfeld)<\/span>\r\n    <\/label>\r\n    \t\t<select name=\"item_meta[114]\" id=\"field_fsfvp\"  data-reqmsg=\"Dieses Feld darf nicht leer sein.\" aria-required=\"true\" data-invmsg=\"Spielst\u00e4rke ist ung\u00fcltig\" aria-invalid=\"false\"  >\n\t\t<option  value=\"\" selected='selected'> <\/option><option  value=\"Anf\u00e4nger\">Anf\u00e4nger<\/option><option  value=\"Basics vorhanden\">Basics vorhanden<\/option><option  value=\"Fortgeschritten\">Fortgeschritten<\/option>\t<\/select>\n\t\r\n    \r\n    \r\n<\/div>\n<div id=\"frm_field_115_container\" class=\"frm_form_field form-field  frm_required_field frm_top_container\">\r\n    <label for=\"field_qsod6\" class=\"frm_primary_label\">Jahrgang\r\n        <span class=\"frm_required\">(Pflichtfeld)<\/span>\r\n    <\/label>\r\n    <input type=\"text\" id=\"field_qsod6\" name=\"item_meta[115]\" value=\"\"  data-reqmsg=\"Dieses Feld darf nicht leer sein.\" aria-required=\"true\" data-invmsg=\"Jahrgang ist ung\u00fcltig\" aria-invalid=\"false\"  \/>\r\n    \r\n    \r\n<\/div>\n<div id=\"frm_field_116_container\" class=\"frm_form_field form-field  frm_top_container\">\r\n    <label for=\"field_q2wj4\" class=\"frm_primary_label\">Ihre Nachricht\r\n        <span class=\"frm_required\"><\/span>\r\n    <\/label>\r\n    <textarea name=\"item_meta[116]\" id=\"field_q2wj4\" rows=\"5\"  data-invmsg=\"Ihre Nachricht ist ung\u00fcltig\" aria-invalid=\"false\"  ><\/textarea>\r\n    \r\n    \r\n<\/div>\n\t<input type=\"hidden\" name=\"item_key\" value=\"\" \/>\n\t\t\t<div id=\"frm_field_255_container\">\n\t\t\t<label for=\"field_pj053\" >\n\t\t\t\tFalls Du menschlich bist, lasse dieses Feld leer.\t\t\t<\/label>\n\t\t\t<input  id=\"field_pj053\" type=\"text\" class=\"frm_form_field form-field frm_verify\" name=\"item_meta[255]\" value=\"\"  \/>\n\t\t<\/div>\n\t\t<input name=\"frm_state\" type=\"hidden\" value=\"tSr4n1hj1luThx\/NgjSgFn0CZ++15dh2yFIZoDrbe4Q=\" \/><div class=\"frm_submit\">\r\n\r\n<button class=\"frm_button_submit frm_final_submit\" type=\"submit\"  >Senden<\/button>\r\n\r\n<\/div><\/div>\n<\/fieldset>\n<\/div>\n\n<p style=\"display: none !important;\" class=\"akismet-fields-container\" data-prefix=\"ak_\"><label>&#916;<textarea name=\"ak_hp_textarea\" cols=\"45\" rows=\"8\" maxlength=\"100\"><\/textarea><\/label><input type=\"hidden\" id=\"ak_js_1\" name=\"ak_js\" value=\"187\"\/><script type=\"text\/javascript\">\n\/* <![CDATA[ *\/\ndocument.getElementById( \"ak_js_1\" ).setAttribute( \"value\", ( new Date() ).getTime() );\n\/* ]]> *\/\n<\/script>\n<\/p><\/form>\n<\/div>\n[\/vc_column][\/vc_row][vc_row][vc_column][\/vc_column][\/vc_row]\n","protected":false},"excerpt":{"rendered":"<p>[vc_row][vc_column][vc_tabs container_bg_color=&#8220;#ffffff&#8220;][vc_tab title=&#8220;Sommer&#8220; tab_id=&#8220;1486933706-1-45&#8243;][mk_fancy_title size=&#8220;30&#8243; margin_top=&#8220;20&#8243; font_family=&#8220;none&#8220;]\u00a0\u00a0Sommertraining[\/mk_fancy_title][vc_column_text]Kursdauer Beginn jeweils nach den Fr\u00fchlingsferien bis Anfang der Herbstferien (ausgenommen Sommer Schulferien BS\/BL).[\/vc_column_text][mk_fancy_title size=&#8220;30&#8243; margin_top=&#8220;20&#8243; font_family=&#8220;none&#8220;]Preise[\/mk_fancy_title][mk_table] Training Preis (CHF) Privatunterricht Einzellektion \u00e0 40 min 74.&#8211; p.p. Einzellektion \u00a0\u00e0 55 min 96.&#8211; p.p. 2 Teilnehmer \u00e0 55 min \u00a049.&#8211; p.p Gruppen-Unterricht \u00a0Junioren \u00a0Lektion \u00e0 60 min \u00a0530.&#8211; \u00a0p.p. [\/mk_table][vc_column_text [&hellip;]<\/p>\n","protected":false},"author":1,"featured_media":0,"parent":0,"menu_order":0,"comment_status":"closed","ping_status":"closed","template":"","meta":{"_bbp_topic_count":0,"_bbp_reply_count":0,"_bbp_total_topic_count":0,"_bbp_total_reply_count":0,"_bbp_voice_count":0,"_bbp_anonymous_reply_count":0,"_bbp_topic_count_hidden":0,"_bbp_reply_count_hidden":0,"_bbp_forum_subforum_count":0,"_monsterinsights_skip_tracking":false,"_monsterinsights_sitenote_active":false,"_monsterinsights_sitenote_note":"","_monsterinsights_sitenote_category":0,"footnotes":""},"class_list":["post-542","page","type-page","status-publish","hentry"],"aioseo_notices":[],"jetpack_sharing_enabled":true,"_links":{"self":[{"href":"https:\/\/wt.tennis\/index.php\/wp-json\/wp\/v2\/pages\/542","targetHints":{"allow":["GET"]}}],"collection":[{"href":"https:\/\/wt.tennis\/index.php\/wp-json\/wp\/v2\/pages"}],"about":[{"href":"https:\/\/wt.tennis\/index.php\/wp-json\/wp\/v2\/types\/page"}],"author":[{"embeddable":true,"href":"https:\/\/wt.tennis\/index.php\/wp-json\/wp\/v2\/users\/1"}],"replies":[{"embeddable":true,"href":"https:\/\/wt.tennis\/index.php\/wp-json\/wp\/v2\/comments?post=542"}],"version-history":[{"count":99,"href":"https:\/\/wt.tennis\/index.php\/wp-json\/wp\/v2\/pages\/542\/revisions"}],"predecessor-version":[{"id":5285,"href":"https:\/\/wt.tennis\/index.php\/wp-json\/wp\/v2\/pages\/542\/revisions\/5285"}],"wp:attachment":[{"href":"https:\/\/wt.tennis\/index.php\/wp-json\/wp\/v2\/media?parent=542"}],"curies":[{"name":"wp","href":"https:\/\/api.w.org\/{rel}","templated":true}]}}